{"id":270,"date":"2022-01-26T19:01:22","date_gmt":"2022-01-26T22:01:22","guid":{"rendered":"https:\/\/polimerosindustriales.com.ar\/mvc\/?page_id=270"},"modified":"2022-04-14T23:17:36","modified_gmt":"2022-04-15T02:17:36","slug":"compuestos-de-pvc","status":"publish","type":"page","link":"https:\/\/polimerosindustriales.com.ar\/index.php\/compuestos-de-pvc\/","title":{"rendered":"COMPUESTOS DE PVC"},"content":{"rendered":"\r\n<div class=\"wp-block-group alignwide\"><div class=\"wp-block-group__inner-container is-layout-flow wp-block-group-is-layout-flow\">\r\n<div class=\"wp-block-media-text alignfull is-stacked-on-mobile is-vertically-aligned-center\" style=\"grid-template-columns: 41% auto;\">\r\n<figure class=\"wp-block-media-text__media\"><img loading=\"lazy\" decoding=\"async\" width=\"570\" height=\"428\" class=\"wp-image-163 size-full\" src=\"https:\/\/polimerosindustriales.com.ar\/wp-content\/uploads\/2022\/01\/poli.jpg\" alt=\"\" \/><\/figure>\r\n<div class=\"wp-block-media-text__content\">\r\n<p class=\"has-medium-font-size\">Policloruro de Vinilo (PVC):\u00a0<br \/>Su gran diferencia, es que es un compuesto por lo cual es aditivado. Como es de f\u00e1cil descomposici\u00f3n al calor es aditivado con &#8220;estabilizantes&#8221; para poder procesarlos en sus distintos modos de transformaci\u00f3n.Tambi\u00e9n se suelen agregar aditivos &#8220;lubricantes externos e internos, mejoradores de impacto, cargas varias, auxiliares de procesos, pigmentos, plastificantes y agentes espumantes&#8221;. La mezcla mec\u00e1nica de todos ellos con el PVC constituyen lo que se denomina COMPUESTOS de PVC. Podemos encontrarlo en tres formas diferentes: PVC R\u00edgidos, PVC Flexibles o Plastificados y Plastisoles u Organosoles.\u00a0El compuesto de PVC (R\u00edgido), se obtiene por mezclar en rodillos calientes o en mezclador de alta velocidad a unos 120\u00ba C (dry blend).\u00a0El compuesto de PVC (Plastificado), se obtiene mezclando en rodillos calientes el PVC y otros aditivos como plastificantes.\u00a0El compuesto denominado, Plastisoles u Organosoles, se obtiene mezclando resinas en polvo de PVC, con plastificantes (en mucha mayor medida que el los PVC plastificados), por los cuales se obtienen l\u00edquidos y pastas de relativas viscosidades.<\/p>\r\n<\/div>\r\n<\/div>\r\n<\/div><\/div>\r\n","protected":false},"excerpt":{"rendered":"<p>Policloruro de Vinilo (PVC):\u00a0Su gran diferencia, es que es un compuesto por lo cual es aditivado. Como es de f\u00e1cil descomposici\u00f3n al calor es aditivado con &#8220;estabilizantes&#8221; para poder procesarlos en sus distintos modos de transformaci\u00f3n.Tambi\u00e9n se suelen agregar aditivos &#8220;lubricantes externos e internos, mejoradores de impacto, cargas varias, auxiliares de procesos, pigmentos, plastificantes y [&hellip;]<\/p>\n","protected":false},"author":1,"featured_media":0,"parent":0,"menu_order":0,"comment_status":"closed","ping_status":"closed","template":"","meta":{"_kadence_starter_templates_imported_post":false,"footnotes":""},"class_list":["post-270","page","type-page","status-publish","hentry","entry"],"_links":{"self":[{"href":"https:\/\/polimerosindustriales.com.ar\/index.php\/wp-json\/wp\/v2\/pages\/270","targetHints":{"allow":["GET"]}}],"collection":[{"href":"https:\/\/polimerosindustriales.com.ar\/index.php\/wp-json\/wp\/v2\/pages"}],"about":[{"href":"https:\/\/polimerosindustriales.com.ar\/index.php\/wp-json\/wp\/v2\/types\/page"}],"author":[{"embeddable":true,"href":"https:\/\/polimerosindustriales.com.ar\/index.php\/wp-json\/wp\/v2\/users\/1"}],"replies":[{"embeddable":true,"href":"https:\/\/polimerosindustriales.com.ar\/index.php\/wp-json\/wp\/v2\/comments?post=270"}],"version-history":[{"count":6,"href":"https:\/\/polimerosindustriales.com.ar\/index.php\/wp-json\/wp\/v2\/pages\/270\/revisions"}],"predecessor-version":[{"id":624,"href":"https:\/\/polimerosindustriales.com.ar\/index.php\/wp-json\/wp\/v2\/pages\/270\/revisions\/624"}],"wp:attachment":[{"href":"https:\/\/polimerosindustriales.com.ar\/index.php\/wp-json\/wp\/v2\/media?parent=270"}],"curies":[{"name":"wp","href":"https:\/\/api.w.org\/{rel}","templated":true}]}}